{"id":2090,"date":"2021-02-26T15:09:45","date_gmt":"2021-02-26T14:09:45","guid":{"rendered":"http:\/\/test.isb-berlin.com\/?page_id=2090"},"modified":"2021-03-12T11:53:47","modified_gmt":"2021-03-12T10:53:47","slug":"partner","status":"publish","type":"page","link":"https:\/\/isb-berlin.com\/en\/partner\/","title":{"rendered":"Partner"},"content":{"rendered":"<div data-elementor-type=\"wp-page\" data-elementor-id=\"2090\" class=\"elementor elementor-2090\">\n\t\t\t\t\t\t<section class=\"elementor-section elementor-top-section elementor-element elementor-element-2932338 elementor-section-full_width elementor-section-height-default elementor-section-height-default\" data-id=\"2932338\" data-element_type=\"section\" data-e-type=\"section\" data-settings=\"{&quot;background_background&quot;:&quot;classic&quot;}\">\n\t\t\t\t\t\t\t<div class=\"elementor-background-overlay\"><\/div>\n\t\t\t\t\t\t\t<div class=\"elementor-container elementor-column-gap-default\">\n\t\t\t\t\t<div class=\"elementor-column elementor-col-100 elementor-top-column elementor-element elementor-element-4033001\" data-id=\"4033001\" data-element_type=\"column\" data-e-type=\"column\">\n\t\t\t<div class=\"elementor-widget-wrap elementor-element-populated\">\n\t\t\t\t\t\t<section class=\"elementor-section elementor-inner-section elementor-element elementor-element-3de197b elementor-section-boxed elementor-section-height-default elementor-section-height-default\" data-id=\"3de197b\" data-element_type=\"section\" data-e-type=\"section\">\n\t\t\t\t\t\t<div class=\"elementor-container elementor-column-gap-custom\">\n\t\t\t\t\t<div class=\"elementor-column elementor-col-50 elementor-inner-column elementor-element elementor-element-ce04b40 elementor-invisible\" data-id=\"ce04b40\" data-element_type=\"column\" data-e-type=\"column\" data-settings=\"{&quot;animation&quot;:&quot;fadeInLeft&quot;}\">\n\t\t\t<div class=\"elementor-widget-wrap elementor-element-populated\">\n\t\t\t\t\t\t<div class=\"elementor-element elementor-element-9b28ce8 elementor-widget elementor-widget-text-editor\" data-id=\"9b28ce8\" data-element_type=\"widget\" data-e-type=\"widget\" data-widget_type=\"text-editor.default\">\n\t\t\t\t<div class=\"elementor-widget-container\">\n\t\t\t\t\t\t\t\t\t<p><strong>Wohnungsgenossenschaft Altglienicke eG<\/strong><br \/>Sch\u00f6nefelder Chaussee 245, 12524 Berlin<\/p><p><strong>Wohnungsgenossenschaft Marzahner Tor eG<\/strong><br \/>M\u00e4rkische Allee 210 A, 12679 Berlin<\/p><p><strong>Wohnungsgenossenschaft Merkur eG<\/strong><br \/>Volkradstra\u00dfe 9e, 10319 Berlin<\/p><p><strong>WBG Wendenschlo\u00df eG<\/strong><br \/>Wendenschlo\u00dfstra\u00dfe 331, 12557 Berlin<\/p><p><strong>Berlin-Chemie AG<\/strong><br \/>Glienicker Weg 125-127, 12489 Berlin<\/p><p><strong>Berliner Verkehrsbetriebe (BVG)<\/strong><br \/>Holzmarktstra\u00dfe 15-17, 10179 Berlin<\/p><p><strong>Geb\u00e4ude- und Wohnungsbaugesellschaft Wernigerode mbH<\/strong><br \/>Platz des Friedens 9, 38855 Wernigerode<\/p><p><strong>UNIONHILFSWERK Soziale Dienste gGmbH<\/strong><br \/>Richard-Sorge-Stra\u00dfe 21a, 10249 Berlin<\/p><p><strong>EMWG Erste Marzahner Wohnungsgenossenschaft eG<\/strong><br \/>Blumberger Damm 178, 12679 Berlin<\/p><p><strong>Wohnungsverwaltungs- und Baugesellschaft Blankenfelde mbH<\/strong><br \/>Luisenstra\u00dfe 4, 15831 Blankenfelde-Mahlow<\/p><p><strong>Bezirksamt Treptow-K\u00f6penick<\/strong><br \/>Rinkartstr. 13, 12437 Berlin<\/p><p><strong>Senatsverwaltung f\u00fcr Inneres und Sport, Sportforum<\/strong><br \/>Wei\u00dfenseer Weg 53, 13053 Berlin<\/p><p><strong>FiPP e.V. &#8211; Fortbildungsinstitut f\u00fcr die p\u00e4dagogische Praxis <\/strong><br \/>Sonnenallee 223a, 12059 Berlin<\/p>\t\t\t\t\t\t\t\t<\/div>\n\t\t\t\t<\/div>\n\t\t\t\t\t<\/div>\n\t\t<\/div>\n\t\t\t\t<div class=\"elementor-column elementor-col-50 elementor-inner-column elementor-element elementor-element-460fdac elementor-invisible\" data-id=\"460fdac\" data-element_type=\"column\" data-e-type=\"column\" data-settings=\"{&quot;animation&quot;:&quot;fadeInRight&quot;}\">\n\t\t\t<div class=\"elementor-widget-wrap elementor-element-populated\">\n\t\t\t\t\t\t<div class=\"elementor-element elementor-element-41bc685 elementor-widget elementor-widget-text-editor\" data-id=\"41bc685\" data-element_type=\"widget\" data-e-type=\"widget\" data-widget_type=\"text-editor.default\">\n\t\t\t\t<div class=\"elementor-widget-container\">\n\t\t\t\t\t\t\t\t\t<strong>PLAFOND Gesellschaft f\u00fcr kostenoptimiertes Bauen mbH<\/strong><br>\nRie\u00dferseestra\u00dfe 10, 12527 Berlin\n<br><br>\n<strong>hertfelder &amp; montojo planungsgesellschaft mbH<\/strong><br>\nTorstra\u00dfe 177, 10115 Berlin\n<br><br>\n<strong>IBRF GmbH<\/strong><br>\nAlt-Buch 64, 13125 Berlin\n<br><br>\n<strong>Senator.Die Projekt Management GmbH<\/strong><br>\nHoyersweder Stra\u00dfe 20, 01099 Dresden\n<br><br>\n<strong>Architekturb\u00fcro Schwarzer<\/strong><br>\nPolluxring 86, 16321 Bernau\n<br><br>\n<strong>IPBB Ingenieurb\u00fcro f\u00fcr Projektentwicklung und Baubetreuung GmbH<\/strong><br>\nSpinolastra\u00dfe 28b, 13125 Berlin\n<br><br>\n<strong>eins bis neun Gesellschaft von Architekten mbH<\/strong><br>\nKantstra\u00dfe 138, 10623 Berlin\n<br><br>\n<strong>Patalab Architekten Partnerschaftsgesellschaft mbH<\/strong><br>\nSchererstra\u00dfe 9, 13347 Berlin\n<br><br>\n<strong>Planungsb\u00fcro Sasse &#038; Fr\u00f6de GmbH<\/strong><br>\nKreuzstra\u00dfe 4, 13187 Berlin\n<br><br>\n<strong>Architekturb\u00fcro Maria-Elisabeth K\u00f6hler<\/strong><br>\nWeimarer Stra\u00dfe 6, 10625 Berlin\n<br><br>\n<strong>Missfeldt-Architekten GmbH<\/strong><br>\nHauptstra\u00dfe 72, 12159 Berlin \t\t\t\t\t\t\t\t<\/div>\n\t\t\t\t<\/div>\n\t\t\t\t\t<\/div>\n\t\t<\/div>\n\t\t\t\t\t<\/div>\n\t\t<\/section>\n\t\t\t\t<section class=\"elementor-section elementor-inner-section elementor-element elementor-element-ccede87 elementor-section-boxed elementor-section-height-default elementor-section-height-default\" data-id=\"ccede87\" data-element_type=\"section\" data-e-type=\"section\">\n\t\t\t\t\t\t<div class=\"elementor-container elementor-column-gap-default\">\n\t\t\t\t\t<div class=\"elementor-column elementor-col-100 elementor-inner-column elementor-element elementor-element-ae729fd\" data-id=\"ae729fd\" data-element_type=\"column\" data-e-type=\"column\">\n\t\t\t<div class=\"elementor-widget-wrap elementor-element-populated\">\n\t\t\t\t\t\t<div class=\"elementor-element elementor-element-139b9ee elementor-widget elementor-widget-spacer\" data-id=\"139b9ee\" data-element_type=\"widget\" data-e-type=\"widget\" data-widget_type=\"spacer.default\">\n\t\t\t\t<div class=\"elementor-widget-container\">\n\t\t\t\t\t\t\t<div class=\"elementor-spacer\">\n\t\t\t<div class=\"elementor-spacer-inner\"><\/div>\n\t\t<\/div>\n\t\t\t\t\t\t<\/div>\n\t\t\t\t<\/div>\n\t\t\t\t\t<\/div>\n\t\t<\/div>\n\t\t\t\t\t<\/div>\n\t\t<\/section>\n\t\t\t\t\t<\/div>\n\t\t<\/div>\n\t\t\t\t\t<\/div>\n\t\t<\/section>\n\t\t\t\t<\/div>","protected":false},"excerpt":{"rendered":"<p>Wohnungsgenossenschaft Altglienicke eGSch\u00f6nefelder Chaussee 245, 12524 Berlin Wohnungsgenossenschaft Marzahner Tor eGM\u00e4rkische Allee 210 A, 12679 Berlin Wohnungsgenossenschaft Merkur eGVolkradstra\u00dfe 9e, 10319 Berlin WBG Wendenschlo\u00df eGWendenschlo\u00dfstra\u00dfe 331, 12557 Berlin Berlin-Chemie AGGlienicker Weg 125-127, 12489 Berlin Berliner Verkehrsbetriebe (BVG)Holzmarktstra\u00dfe 15-17, 10179 Berlin Geb\u00e4ude- und Wohnungsbaugesellschaft Wernigerode mbHPlatz des Friedens 9, 38855 Wernigerode UNIONHILFSWERK Soziale Dienste gGmbHRichard-Sorge-Stra\u00dfe 21a, [&hellip;]<\/p>\n","protected":false},"author":1,"featured_media":0,"parent":0,"menu_order":0,"comment_status":"closed","ping_status":"closed","template":"","meta":{"footnotes":""},"class_list":["post-2090","page","type-page","status-publish","hentry"],"_links":{"self":[{"href":"https:\/\/isb-berlin.com\/en\/wp-json\/wp\/v2\/pages\/2090","targetHints":{"allow":["GET"]}}],"collection":[{"href":"https:\/\/isb-berlin.com\/en\/wp-json\/wp\/v2\/pages"}],"about":[{"href":"https:\/\/isb-berlin.com\/en\/wp-json\/wp\/v2\/types\/page"}],"author":[{"embeddable":true,"href":"https:\/\/isb-berlin.com\/en\/wp-json\/wp\/v2\/users\/1"}],"replies":[{"embeddable":true,"href":"https:\/\/isb-berlin.com\/en\/wp-json\/wp\/v2\/comments?post=2090"}],"version-history":[{"count":5,"href":"https:\/\/isb-berlin.com\/en\/wp-json\/wp\/v2\/pages\/2090\/revisions"}],"predecessor-version":[{"id":3365,"href":"https:\/\/isb-berlin.com\/en\/wp-json\/wp\/v2\/pages\/2090\/revisions\/3365"}],"wp:attachment":[{"href":"https:\/\/isb-berlin.com\/en\/wp-json\/wp\/v2\/media?parent=2090"}],"curies":[{"name":"wp","href":"https:\/\/api.w.org\/{rel}","templated":true}]}}